{"id":2331,"date":"2021-09-10T17:40:25","date_gmt":"2021-09-10T17:40:25","guid":{"rendered":"http:\/\/www.le.com.br\/blog\/?page_id=2331"},"modified":"2024-02-19T18:09:07","modified_gmt":"2024-02-19T18:09:07","slug":"contato","status":"publish","type":"page","link":"https:\/\/le.com.br\/blog\/contato\/","title":{"rendered":"Contato"},"content":{"rendered":"\n<p>Quer falar com a gente? Veja as formas de contato dispon\u00edveis em nossa loja:<\/p>\n\n\n\n<h2 class=\"wp-block-heading\"><strong>Central de Atendimento ao Cliente<\/strong><\/h2>\n\n\n\n<p>(31) 2517-3014<\/p>\n\n\n\n<h2 class=\"wp-block-heading\"><strong>WhatsApp<\/strong><\/h2>\n\n\n\n<p><a href=\"https:\/\/api.whatsapp.com\/send?phone=5531997371392\" target=\"_blank\" rel=\"noreferrer noopener\">(31) 99737-1392<\/a><\/p>\n\n\n\n<h2 class=\"wp-block-heading\"><strong>E-mail<\/strong><\/h2>\n\n\n\n<p><a href=\"mailto:divulgacao@le.com.br\">divulgacao@le.com.br<\/a><\/p>\n\n\n\n<h2 class=\"wp-block-heading\"><strong>Hor\u00e1rio de Atendimento<\/strong><\/h2>\n\n\n\n<p>Segunda a quinta-feira &#8211; 8h \u00e0s 18h<br>Sexta-feira &#8211; 8h \u00e0s 17h<br>S\u00e1bado e domingo &#8211; Fechado<\/p>\n","protected":false},"excerpt":{"rendered":"<p>Quer falar com a gente? Veja as formas de contato dispon\u00edveis em nossa loja: Central de Atendimento ao Cliente (31) 2517-3014 WhatsApp (31) 99737-1392 E-mail divulgacao@le.com.br Hor\u00e1rio de Atendimento Segunda a quinta-feira &#8211; 8h \u00e0s 18hSexta-feira &#8211; 8h \u00e0s 17hS\u00e1bado [&hellip;]<\/p>\n","protected":false},"author":1,"featured_media":0,"parent":0,"menu_order":0,"comment_status":"closed","ping_status":"closed","template":"","meta":{"footnotes":""},"_links":{"self":[{"href":"https:\/\/le.com.br\/blog\/wp-json\/wp\/v2\/pages\/2331"}],"collection":[{"href":"https:\/\/le.com.br\/blog\/wp-json\/wp\/v2\/pages"}],"about":[{"href":"https:\/\/le.com.br\/blog\/wp-json\/wp\/v2\/types\/page"}],"author":[{"embeddable":true,"href":"https:\/\/le.com.br\/blog\/wp-json\/wp\/v2\/users\/1"}],"replies":[{"embeddable":true,"href":"https:\/\/le.com.br\/blog\/wp-json\/wp\/v2\/comments?post=2331"}],"version-history":[{"count":18,"href":"https:\/\/le.com.br\/blog\/wp-json\/wp\/v2\/pages\/2331\/revisions"}],"predecessor-version":[{"id":11739,"href":"https:\/\/le.com.br\/blog\/wp-json\/wp\/v2\/pages\/2331\/revisions\/11739"}],"wp:attachment":[{"href":"https:\/\/le.com.br\/blog\/wp-json\/wp\/v2\/media?parent=2331"}],"curies":[{"name":"wp","href":"https:\/\/api.w.org\/{rel}","templated":true}]}}