{"id":326,"date":"2021-05-20T18:44:40","date_gmt":"2021-05-20T18:44:40","guid":{"rendered":"http:\/\/le.com.br\/blog\/register\/"},"modified":"2024-06-27T19:15:39","modified_gmt":"2024-06-27T19:15:39","slug":"register","status":"publish","type":"page","link":"https:\/\/le.com.br\/blog\/register\/","title":{"rendered":"Bem-vindo ao Portal do Educador!"},"content":{"rendered":"\n<p>Este \u00e9 um espa\u00e7o criado para valorizar voc\u00ea, professor(a), que participa da forma\u00e7\u00e3o de leitores em sua comunidade. De forma exclusiva e gratuita, acesse <strong>materiais para complementar e subsidiar suas aulas de Literatura<\/strong>. Aqui voc\u00ea vai encontrar:<\/p>\n\n\n\n<ul>\n<li>Lives, entrevistas e resenhas com nossos escritores, ilustradores e educadores parceiros.<\/li>\n<\/ul>\n\n\n\n<ul>\n<li>Nossos t\u00edtulos em vers\u00e3o digital para aprecia\u00e7\u00e3o e an\u00e1lise.<\/li>\n<\/ul>\n\n\n\n<ul>\n<li>Manuais do professor com atividades complementares para enriquecer o seu trabalho.<\/li>\n<\/ul>\n\n\n\n<ul>\n<li>Cupom de <strong>20% de desconto<\/strong> em todas as suas compras na loja le.com.br.<\/li>\n<\/ul>\n\n\n\n<p><br>O cadastro \u00e9 f\u00e1cil e r\u00e1pido. Uma vez conclu\u00eddo, basta acessar a aba \u201cPortal do Educador\u201d, fazer login e aparecer\u00e3o as se\u00e7\u00f5es que levam aos benef\u00edcios das \u00e1reas exclusivas.<\/p>\n\n\n\n<p>Preencha o formul\u00e1rio abaixo.<\/p>\n\n\n\n<p>Se voc\u00ea j\u00e1 possui o cadastro, <a href=\"https:\/\/www.le.com.br\/blog\/login\/\" target=\"_blank\" rel=\"noreferrer noopener\">clique aqui<\/a>.<\/p>\n\n\n\n<div class=\"um um-register um-123\">\n\t<div class=\"um-form\" data-mode=\"register\">\n\t\t<form method=\"post\" action=\"\">\n\t\t\t<div class=\"um-row _um_row_1 \" style=\"margin: 0 0 30px 0;\"><div class=\"um-col-1\"><div  id=\"um_field_123_first_name\" class=\"um-field um-field-text  um-field-first_name um-field-text um-field-type_text\" data-key=\"first_name\"><div class=\"um-field-label\"><label for=\"first_name-123\">Primeiro Nome<\/label><div class=\"um-clear\"><\/div><\/div><div class=\"um-field-area\"><input  autocomplete=\"off\" class=\"um-form-field valid not-required \" type=\"text\" name=\"first_name-123\" id=\"first_name-123\" value=\"\" placeholder=\"\" data-validate=\"\" data-key=\"first_name\"  aria-invalid=\"false\" \/>\n\n\t\t\t\t\t\t<\/div><\/div><div  id=\"um_field_123_last_name\" class=\"um-field um-field-text  um-field-last_name um-field-text um-field-type_text\" data-key=\"last_name\"><div class=\"um-field-label\"><label for=\"last_name-123\">Sobrenome<\/label><div class=\"um-clear\"><\/div><\/div><div class=\"um-field-area\"><input  autocomplete=\"off\" class=\"um-form-field valid not-required \" type=\"text\" name=\"last_name-123\" id=\"last_name-123\" value=\"\" placeholder=\"\" data-validate=\"\" data-key=\"last_name\"  aria-invalid=\"false\" \/>\n\n\t\t\t\t\t\t<\/div><\/div><div  id=\"um_field_123_user_email\" class=\"um-field um-field-text  um-field-user_email um-field-text um-field-type_text\" data-key=\"user_email\"><div class=\"um-field-label\"><label for=\"user_email-123\">E-mail<\/label><div class=\"um-clear\"><\/div><\/div><div class=\"um-field-area\"><input  autocomplete=\"off\" class=\"um-form-field valid not-required \" type=\"text\" name=\"user_email-123\" id=\"user_email-123\" value=\"\" placeholder=\"\" data-validate=\"unique_email\" data-key=\"user_email\"  aria-invalid=\"false\" \/>\n\n\t\t\t\t\t\t<\/div><\/div><div  id=\"um_field_123_mobile_number\" class=\"um-field um-field-tel  um-field-mobile_number um-field-tel um-field-type_tel\" data-key=\"mobile_number\"><div class=\"um-field-label\"><div class=\"um-field-label-icon\"><i class=\"um-faicon-mobile\" aria-label=\"Telefone\"><\/i><\/div><label for=\"mobile_number-123\">Telefone<\/label><div class=\"um-clear\"><\/div><\/div><div class=\"um-field-area\"><input  autocomplete=\"off\" class=\"um-form-field valid not-required \" type=\"tel\" name=\"mobile_number-123\" id=\"mobile_number-123\" value=\"\" placeholder=\"\" data-validate=\"phone_number\" data-key=\"mobile_number\"  aria-invalid=\"false\" \/>\n\n\t\t\t\t\t\t<\/div><\/div><div  id=\"um_field_123_user_login\" class=\"um-field um-field-text  um-field-user_login um-field-text um-field-type_text\" data-key=\"user_login\"><div class=\"um-field-label\"><label for=\"user_login-123\">Usu\u00e1rio<\/label><div class=\"um-clear\"><\/div><\/div><div class=\"um-field-area\"><input  autocomplete=\"off\" class=\"um-form-field valid not-required \" type=\"text\" name=\"user_login-123\" id=\"user_login-123\" value=\"\" placeholder=\"\" data-validate=\"unique_username\" data-key=\"user_login\"  aria-invalid=\"false\" \/>\n\n\t\t\t\t\t\t<\/div><\/div><div  id=\"um_field_123_user_password\" class=\"um-field um-field-password  um-field-user_password um-field-password um-field-type_password\" data-key=\"user_password\"><div class=\"um-field-label\"><label for=\"user_password-123\">Senha<\/label><div class=\"um-clear\"><\/div><\/div><div class=\"um-field-area\"><input class=\"um-form-field valid not-required \" type=\"password\" name=\"user_password-123\" id=\"user_password-123\" value=\"\" placeholder=\"\" data-validate=\"\" data-key=\"user_password\"  aria-invalid=\"false\" \/>\n\n\t\t\t\t\t\t\t<\/div><\/div><div  id=\"um_field_123_confirm_user_password\" class=\"um-field um-field-password  um-field-user_password um-field-password um-field-type_password\" data-key=\"confirm_user_password\"><div class=\"um-field-label\"><label for=\"confirm_user_password-123\">Confirmar Senha<\/label><div class=\"um-clear\"><\/div><\/div><div class=\"um-field-area\"><input class=\"um-form-field valid not-required \" type=\"password\" name=\"confirm_user_password-123\" id=\"confirm_user_password-123\" value=\"\" placeholder=\"Confirmar Senha\" data-validate=\"\" data-key=\"confirm_user_password\"  aria-invalid=\"false\" \/><\/div><\/div><div  id=\"um_field_123_label_profissao\" class=\"um-field um-field-select  um-field-label_profissao um-field-select um-field-type_select\" data-key=\"label_profissao\"><div class=\"um-field-label\"><label for=\"label_profissao-123\">Profiss\u00e3o<span class=\"um-req\" title=\"Obrigat\u00f3rio\">*<\/span><\/label><div class=\"um-clear\"><\/div><\/div><div class=\"um-field-area  \"><select data-default=\"\"     name=\"label_profissao\" id=\"label_profissao\" data-validate=\"\" data-key=\"label_profissao\" class=\"um-form-field valid um-s1 \" style=\"width: 100%\" data-placeholder=\"\"   aria-invalid=\"false\" ><option value=\"\"><\/option><option value=\"Professor(a)\" >Professor(a)<\/option><option value=\"Bibliotec\u00e1rio(a)\" >Bibliotec\u00e1rio(a)<\/option><option value=\"Educador(a)\" >Educador(a)<\/option><option value=\"Contador(a) de Hist\u00f3ria\" >Contador(a) de Hist\u00f3ria<\/option><option value=\"Diretor(a) Escolar\" >Diretor(a) Escolar<\/option><\/select><\/div><\/div><div  id=\"um_field_123_Documento\" class=\"um-field um-field-file  um-field-Documento um-field-file um-field-type_file\" data-key=\"Documento\" data-mode=\"register\" data-upload-label=\"Anexar Documento\"><input type=\"hidden\" name=\"Documento-123\" id=\"Documento-123\" value=\"\"  aria-invalid=\"false\" \/><div class=\"um-field-label\"><div class=\"um-field-label-icon\"><i class=\"um-icon-document\" aria-label=\"Documento (Holerite, crach\u00e1 ou outro comprovante)\"><\/i><\/div><label for=\"Documento-123\">Documento (Holerite, crach\u00e1 ou outro comprovante)<span class=\"um-req\" title=\"Obrigat\u00f3rio\">*<\/span><\/label><div class=\"um-clear\"><\/div><\/div><div class=\"um-field-area\" style=\"text-align: center;\"><div class=\"um-single-file-preview\" data-key=\"Documento\"><\/div><a href=\"#\" data-modal=\"um_upload_single\" data-modal-size=\"normal\" data-modal-copy=\"1\" class=\"um-button um-btn-auto-width\">Anexar Documento<\/a><\/div><div class=\"um-modal-hidden-content\"><div class=\"um-modal-header\"> Documento (Holerite, crach\u00e1 ou outro comprovante)<\/div><div class=\"um-modal-body\"><div class=\"um-single-file-preview\">\n\t\t\t\t\t\t\t\t\t\t<a href=\"javascript:void(0);\" class=\"cancel\"><i class=\"um-icon-close\"><\/i><\/a>\n\t\t\t\t\t\t\t\t\t\t<div class=\"um-single-fileinfo\">\n\t\t\t\t\t\t\t\t\t\t\t<a href=\"\" target=\"_blank\">\n\t\t\t\t\t\t\t\t\t\t\t\t<span class=\"icon\"><i><\/i><\/span>\n\t\t\t\t\t\t\t\t\t\t\t\t<span class=\"filename\"><\/span>\n\t\t\t\t\t\t\t\t\t\t\t<\/a>\n\t\t\t\t\t\t\t\t\t\t<\/div>\n\t\t\t\t\t\t\t\t<\/div><div class=\"um-single-file-upload\" data-user_id=\"\" data-timestamp=\"1776512638\" data-nonce=\"7971bbebe0\"  data-set_id=\"123\" data-set_mode=\"register\" data-type=\"file\" data-key=\"Documento\" data-max_size=\"5000000\" data-max_size_error=\"Esse arquivo \u00e9 muito grande.\" data-min_size_error=\"Esse arquivo \u00e9 muito pequeno.\" data-extension_error=\"Desculpe, n\u00e3o \u00e9 um arquivo v\u00e1lido.\"  data-allowed_types=\"pdf,jpg,jpeg,png\" data-upload_text=\"Drag &amp; Drop File\" data-max_files_error=\"Voc\u00ea pode subir apenas um arquivo.\" data-upload_help_text=\"\">Anexar Documento<\/div><div class=\"um-modal-footer\">\n\t\t\t\t\t\t\t\t\t<div class=\"um-modal-right\">\n\t\t\t\t\t\t\t\t\t\t<a href=\"javascript:void(0);\" class=\"um-modal-btn um-finish-upload file disabled\" data-key=\"Documento\" data-change=\"Mudar arquivo\" data-processing=\"Processando\u2026\"> Salvar<\/a>\n\t\t\t\t\t\t\t\t\t\t<a href=\"javascript:void(0);\" class=\"um-modal-btn alt\" data-action=\"um_remove_modal\"> Cancel<\/a>\n\t\t\t\t\t\t\t\t\t<\/div>\n\t\t\t\t\t\t\t\t\t<div class=\"um-clear\"><\/div>\n\t\t\t\t\t\t\t\t<\/div><\/div><\/div><\/div><\/div><\/div>\n<!-- This file should primarily consist of HTML with a little bit of PHP. -->\n<div class=\"um-field um-field-type_terms_conditions\" data-key=\"use_terms_conditions_agreement\" style=\"display:block;padding:0;\">\n\t<div class=\"um-field-area\">\n\t\t<div class=\"um-gdpr-content\" style=\"display:none;\">\n\t\t\t\n<h2 class=\"wp-block-heading\"><strong>Quem somos<\/strong><\/h2>\n\n\n\n<p>Somos o Grupo Editorial L\u00ea,que abrange as editoras L\u00ea, Compor e Abacatte. O nosso endere\u00e7o virtual \u00e9: http:\/\/www.le.com.br.<\/p>\n\n\n\n<h2 class=\"wp-block-heading\"><strong>Coleta de dados<\/strong><\/h2>\n\n\n\n<p>Quando os visitantes deixam coment\u00e1rios em nosso site, coletamos os dados mostrados no formul\u00e1rio, al\u00e9m do endere\u00e7o do IP e dados do navegador do visitante. Isso nos auxilia na detec\u00e7\u00e3o de spam.<\/p>\n\n\n\n<p>Uma sequ\u00eancia anonimizada de caracteres criada a partir do seu e-mail (tamb\u00e9m chamada de hash) poder\u00e1 ser enviada para o Gravatar. Isso serve para verificar se voc\u00ea realmente usa o servi\u00e7o. A pol\u00edtica de privacidade do Gravatar est\u00e1 dispon\u00edvel no endere\u00e7o https:\/\/automattic.com\/privacy\/. Depois da aprova\u00e7\u00e3o do seu coment\u00e1rio, a foto do seu perfil fica vis\u00edvel publicamente.<\/p>\n\n\n\n<h2 class=\"wp-block-heading\"><strong>M\u00eddia<\/strong><\/h2>\n\n\n\n<p>Se voc\u00ea envia imagens para o site, evite enviar as que contenham dados de localiza\u00e7\u00e3o incorporados, tais como EXIF ou GPS. Os visitantes podem baixar essas imagens do site e extrair delas os seus dados de localiza\u00e7\u00e3o.<\/p>\n\n\n\n<h2 class=\"wp-block-heading\"><strong>Cookies<\/strong><\/h2>\n\n\n\n<p>Ao deixar um coment\u00e1rio, voc\u00ea pode optar por salvar seu nome, e-mail e site nos cookies. Isso visa o seu conforto, para que voc\u00ea precise preencher seus dados novamente quando fizer outro coment\u00e1rio. Esses cookies duram um ano.<\/p>\n\n\n\n<p>Se voc\u00ea j\u00e1 tem uma conta e acessa este site, um cookie tempor\u00e1rio ser\u00e1 criado para determinar se seu navegador os aceita. Esse cookie tempor\u00e1rio n\u00e3o coleta qualquer dado pessoal e ser\u00e1 descartado assim que voc\u00ea fechar o navegador.<\/p>\n\n\n\n<p>Quando voc\u00ea acessa a sua conta no site, tamb\u00e9m criamos v\u00e1rios cookies para salvar os dados da sua conta e suas escolhas de exibi\u00e7\u00e3o de tela. Os cookies de login s\u00e3o mantidos por dois dias e os de op\u00e7\u00f5es de tela, por um ano. Se voc\u00ea selecionar &#8220;Lembrar-me&#8221;, seu acesso ser\u00e1 mantido por duas semanas. Se voc\u00ea se desconectar da sua conta, os cookies de login tamb\u00e9m ser\u00e3o removidos.<\/p>\n\n\n\n<p>Se voc\u00ea editar ou publicar um artigo, um cookie adicional ser\u00e1 salvo em seu navegador. Esse cookie n\u00e3o inclui nenhum dado pessoal. Ele simplesmente indica o ID do post referente ao artigo que voc\u00ea acabou de editar e expira depois de 1 dia.<\/p>\n\n\n\n<h2 class=\"wp-block-heading\"><strong>M\u00eddia incorporada de outros sites<\/strong><\/h2>\n\n\n\n<p>Artigos neste site podem incluir conte\u00fado incorporado como v\u00eddeos, imagens, artigos etc. Esses conte\u00fados incorporados funcionam e se comportam da mesma forma que no site original.<\/p>\n\n\n\n<p>Esses sites podem coletar dados sobre voc\u00ea, usar cookies, incorporar rastreamento adicional de terceiros e monitorar sua intera\u00e7\u00e3o com o conte\u00fado incorporado. Isso inclui a sua intera\u00e7\u00e3o com o conte\u00fado incorporado se voc\u00ea tem uma conta e est\u00e1 conectado com o site.<\/p>\n\n\n\n<h2 class=\"wp-block-heading\"><strong>Com quem partilhamos os seus dados<\/strong><\/h2>\n\n\n\n<p>Caso voc\u00ea solicite uma redefini\u00e7\u00e3o de senha, o seu endere\u00e7o de IP ser\u00e1 inclu\u00eddo no e-mail fornecido.<\/p>\n\n\n\n<h2 class=\"wp-block-heading\"><strong>Por quanto tempo mantemos os seus dados<\/strong><\/h2>\n\n\n\n<p>Se voc\u00ea deixar um coment\u00e1rio, o coment\u00e1rio e os seus metadados ser\u00e3o conservados indefinidamente. Fazemos isso para que seja poss\u00edvel reconhecer e aprovar automaticamente qualquer coment\u00e1rio posterior, em vez de ret\u00ea-lo para modera\u00e7\u00e3o.<\/p>\n\n\n\n<p>Para usu\u00e1rios que se registram no nosso site, tamb\u00e9m guardamos as informa\u00e7\u00f5es pessoais que fornecem em seu perfil de usu\u00e1rio. Todos podem ver, editar ou excluir suas informa\u00e7\u00f5es pessoais a qualquer momento, s\u00f3 n\u00e3o \u00e9 poss\u00edvel alterar o seu nome de usu\u00e1rio. Os administradores do site tamb\u00e9m podem ver e editar essas informa\u00e7\u00f5es.<\/p>\n\n\n\n<h2 class=\"wp-block-heading\"><strong>Quais s\u00e3o os seus direitos sobre seus dados<\/strong><\/h2>\n\n\n\n<p>Se voc\u00ea tiver uma conta neste site ou se tiver deixado coment\u00e1rios, pode solicitar um arquivo exportado dos dados pessoais que mantemos sobre voc\u00ea, inclusive os dados que porventura tenha nos fornecido. Voc\u00ea tamb\u00e9m pode solicitar a remo\u00e7\u00e3o de qualquer dado pessoal que mantemos. No entanto, isso n\u00e3o inclui dados que somos obrigados a manter para prop\u00f3sitos administrativos, legais e de seguran\u00e7a.<\/p>\n\n\n\n<h2 class=\"wp-block-heading\"><strong>Para onde enviamos os seus dados<\/strong><\/h2>\n\n\n\n<p>Os coment\u00e1rios de visitantes podem ser marcados por um servi\u00e7o autom\u00e1tico de detec\u00e7\u00e3o de spam.<\/p>\n\t\t<\/div>\n\t\t<a href=\"javascript:void(0);\" class=\"um-toggle-gdpr\" data-toggle-state=\"hidden\"\n\t\t\tdata-toggle-show=\"Mostrar pol\u00edtica de privacidade\"\n\t\t\tdata-toggle-hide=\"Ocultar pol\u00edtica de privacidade\">\n\t\t\tMostrar pol\u00edtica de privacidade\t\t<\/a>\n\t<\/div>\n\t<div class=\"um-field-area\">\n\t\t<label class=\"um-field-checkbox\">\n\t\t\t<input type=\"checkbox\" name=\"use_gdpr_agreement\" value=\"1\">\n\t\t\t<span class=\"um-field-checkbox-state\"><i class=\"um-icon-android-checkbox-outline-blank\"><\/i><\/span>\n\t\t\t<span class=\"um-field-checkbox-option\">Por favor, confirme que voc\u00ea concorda com nossa pol\u00edtica de privacidade<\/span>\n\t\t<\/label>\n\t\t<div class=\"um-clear\"><\/div>\n\t\t\t\t<div class=\"um-clear\"><\/div>\n\t<\/div>\n<\/div>\n\t<input type=\"hidden\" name=\"form_id\" id=\"form_id_123\" value=\"123\" \/>\n\t\t<p class=\"um_request_name\">\n\t\t<label for=\"um_request_123\">Only fill in if you are not human<\/label>\n\t\t<input type=\"hidden\" name=\"um_request\" id=\"um_request_123\" class=\"input\" value=\"\" size=\"25\" autocomplete=\"off\" \/>\n\t<\/p>\n\t<input type=\"hidden\" id=\"_wpnonce\" name=\"_wpnonce\" value=\"231822c150\" \/><input type=\"hidden\" name=\"_wp_http_referer\" value=\"\/blog\/wp-json\/wp\/v2\/pages\/326\" \/>\n\t<div class=\"um-col-alt\">\n\n\t\t\n\t\t\t<div class=\"um-left um-half\">\n\t\t\t\t<input type=\"submit\" value=\"Registrar\" class=\"um-button\" id=\"um-submit-btn\" \/>\n\t\t\t<\/div>\n\t\t\t<div class=\"um-right um-half\">\n\t\t\t\t<a href=\"https:\/\/le.com.br\/blog\/login\/\" class=\"um-button um-alt\">\n\t\t\t\t\tJ\u00e1 tenho Login\t\t\t\t<\/a>\n\t\t\t<\/div>\n\n\t\t\n\t\t<div class=\"um-clear\"><\/div>\n\n\t<\/div>\n\n\t\t\t<\/form>\n\t<\/div>\n<\/div>\n<style>\n\t\t\t.um-123.um {\n\t\t\tmax-width: 450px;\n\t\t}\n\t\t<\/style>\n","protected":false},"excerpt":{"rendered":"<p>Este \u00e9 um espa\u00e7o criado para valorizar voc\u00ea, professor(a), que participa da forma\u00e7\u00e3o de leitores em sua comunidade. De forma exclusiva e gratuita, acesse materiais para complementar e subsidiar suas aulas de Literatura. Aqui voc\u00ea vai encontrar: O cadastro \u00e9 [&hellip;]<\/p>\n","protected":false},"author":1,"featured_media":0,"parent":0,"menu_order":0,"comment_status":"closed","ping_status":"closed","template":"","meta":{"footnotes":""},"_links":{"self":[{"href":"https:\/\/le.com.br\/blog\/wp-json\/wp\/v2\/pages\/326"}],"collection":[{"href":"https:\/\/le.com.br\/blog\/wp-json\/wp\/v2\/pages"}],"about":[{"href":"https:\/\/le.com.br\/blog\/wp-json\/wp\/v2\/types\/page"}],"author":[{"embeddable":true,"href":"https:\/\/le.com.br\/blog\/wp-json\/wp\/v2\/users\/1"}],"replies":[{"embeddable":true,"href":"https:\/\/le.com.br\/blog\/wp-json\/wp\/v2\/comments?post=326"}],"version-history":[{"count":16,"href":"https:\/\/le.com.br\/blog\/wp-json\/wp\/v2\/pages\/326\/revisions"}],"predecessor-version":[{"id":12520,"href":"https:\/\/le.com.br\/blog\/wp-json\/wp\/v2\/pages\/326\/revisions\/12520"}],"wp:attachment":[{"href":"https:\/\/le.com.br\/blog\/wp-json\/wp\/v2\/media?parent=326"}],"curies":[{"name":"wp","href":"https:\/\/api.w.org\/{rel}","templated":true}]}}